{"id":268,"date":"2021-02-26T14:05:45","date_gmt":"2021-02-26T13:05:45","guid":{"rendered":"https:\/\/wirsindbu.de\/?page_id=268"},"modified":"2021-02-26T14:06:05","modified_gmt":"2021-02-26T13:06:05","slug":"imprint","status":"publish","type":"page","link":"https:\/\/wirsindbu.de\/en\/imprint\/","title":{"rendered":"Imprint"},"content":{"rendered":"<section id=\"\" class=\"text-editor-block acf-block\">\n    <div>\n        <p><b>BachmeyerAssecuradeur GmbH<\/b><br \/>\nGesch\u00e4ftsf\u00fchrer: Christian Bachmeyer<br \/>\nBischof-von-Henle-Str. 2<br \/>\n93051 Regensburg<\/p>\n<p>tel:\u00a0\u00a0+49 (0)941 \/ 3838600<br \/>\nfax: +49 (0)941 \/ 3838629<br \/>\nemail:\u00a0<a href=\"mailto:info@bachmeyerassecuradeur.de\">info[at]bachmeyerassecuradeur.de<\/a><br \/>\nweb: www.bachmeyerassecuradeur.de<\/p>\n<p class=\"txt1\">Handelsregister:<br \/>\nAmtsgericht Regensburg &#8211; HRB 9822<\/p>\n<p>Steuernr.: 244\/122\/00582<br \/>\nUSt-ID-Nummer: 814430151<\/p>\n<p>Mitglied IHK-Regensburg f\u00fcr Oberpfalz, D.-Martin-Luther-Str. 12, 93047 Regensburg<\/p>\n<p>Vermittlerregister (<a href=\"http:\/\/www.vermittlerregister.info\/\">www.vermittlerregister.info<\/a>):<br \/>\nRegister-Nr. D-Y8B1-1CS4R-81<\/p>\n<p>Gemeldet als Versicherungsvertreter gem\u00e4\u00df \u00a7 34 d Abs. 1 GewO (Versicherungsvertreter),<br \/>\nerteilt durch die IHK f\u00fcr M\u00fcnchen und Oberbayern, Max-Joseph-Stra\u00dfe 2, 80333 M\u00fcnchen.<br \/>\n<a href=\"http:\/\/www.ihk-muenchen.de\/\" target=\"_blank\" rel=\"noopener\">www.ihk-muenchen.de<\/a><\/p>\n<p>Schlichtungsstelle gem. \u00a7 42k VVG<br \/>\nVersicherungsombudsmann e.V. &#8211; Postfach 080632, 10006 Berlin<br \/>\nOmbudsmann Private Kranken- und Pflegeversicherung &#8211; Kronenstr. 13, 10117 Berlin<\/p>\n<p>Inhaltlich Verantwortlichen gem. \u00a7 55 Abs. 3 RStV: Christian Bachmeyer<\/p>\n<p>Haftungshinweis:<br \/>\nDie Informationen auf dieser Website werden regelm\u00e4\u00dfig aktualisiert. Eine Haftung oder Garantie f\u00fcr die Aktualit\u00e4t oder Richtigkeit der Informationen kann jedoch nicht \u00fcbernommen werden.<br \/>\nWir \u00fcbernehmen keine Haftung f\u00fcr die Inhalte externer Links. F\u00fcr den Inhalt der verlinkten Seiten sind ausschlie\u00dflich deren Betreiber verantwortlich.<\/p>\n<p class=\"small\"><b>Rechtliche Hinweise<\/b><br \/>\nCopyright 2012 Bachmeyer Assecuradeur. Alle Rechte vorbehalten. Alle Texte, Bilder, Grafiken und Animationsdateien sowie deren Arrangements unterliegen dem Urheberrecht und anderen Gesetzen zum Schutz geistigen Eigentums. Sie d\u00fcrfen weder ver\u00e4ndert oder zur Weitergabe kopiert, noch auf anderen Webseiten verwendet werden. Alle innerhalb der Webseite genannten und ggf. durch Dritte gesch\u00fctzten Marken- und Warenzeichen unterliegen uneingeschr\u00e4nkt den Bestimmungen der jeweils g\u00fcltigen Kennzeichenrechts und den Besitzrechten der jeweiligen Eigent\u00fcmer. Allein aufgrund der blo\u00dfen Nennung ist nicht der Schluss zu ziehen, dass Markenzeichen nicht durch Rechte Dritter gesch\u00fctzt sind.<\/p>\n<p class=\"small\"><b>Datenschutzhinweis<\/b><br \/>\nEs ist uns ein besonderes Anliegen, mit Ihren pers\u00f6nlichen Daten wie Name, Adresse, Telefonnummer und E-Mail-Adresse verantwortungsbewusst umzugehen.<\/p>\n<p class=\"small\"><b>Personenbezogene Daten<\/b><br \/>\nIhre pers\u00f6nlichen Daten verwenden wir, um Ihre Anfrage zu beantworten oder Ihnen Zugang zu speziellen Informationen zu verschaffen. Wir erheben, speichern und verarbeiten Ihre personenbezogenen Daten nur, soweit dies zur Durchf\u00fchrung des jeweiligen Dienstes erforderlich ist. Wir werden Ihre personenbezogenen Daten entsprechend der Bestimmungen des Datenschutzrechts behandeln und weder an Dritte weitergeben, noch anderweitig vermarkten. Ihre personenbezogenen Daten werden ohne Ihre Zustimmung nicht erhoben. Nur Sie entscheiden dar\u00fcber, ob Sie uns (etwa im Rahmen einer Kontaktaufnahme o.\u00e4.) diese Daten bekannt geben wollen oder nicht.<br \/>\nWenn Sie auf die Webseite www.bachmeyerassecuradeur.de zugreifen, werden automatisch Informationen gesammelt, die nicht einer bestimmten Person zugeordnet sind (z.B. durchschnittliche Verweilzeit, aufgerufene Seiten). Wir verwenden diese Informationen, um die Attraktivit\u00e4t unserer Webseite st\u00e4ndig zu verbessern.<\/p>\n    <\/div>\n<\/section>","protected":false},"excerpt":{"rendered":"","protected":false},"author":1,"featured_media":0,"parent":0,"menu_order":0,"comment_status":"closed","ping_status":"closed","template":"","meta":[],"acf":[],"yoast_head":"<!-- This site is optimized with the Yoast SEO plugin v20.12 - https:\/\/yoast.com\/wordpress\/plugins\/seo\/ -->\n<title>Imprint - Bachmeyer Assecuradeur<\/title>\n<meta name=\"robots\" content=\"index, follow, max-snippet:-1, max-image-preview:large, max-video-preview:-1\" \/>\n<link rel=\"canonical\" href=\"https:\/\/wirsindbu.de\/en\/imprint\/\" \/>\n<meta property=\"og:locale\" content=\"en_US\" \/>\n<meta property=\"og:type\" content=\"article\" \/>\n<meta property=\"og:title\" content=\"Imprint - Bachmeyer Assecuradeur\" \/>\n<meta property=\"og:url\" content=\"https:\/\/wirsindbu.de\/en\/imprint\/\" \/>\n<meta property=\"og:site_name\" content=\"Bachmeyer Assecuradeur\" \/>\n<meta property=\"article:modified_time\" content=\"2021-02-26T13:06:05+00:00\" \/>\n<meta name=\"twitter:card\" content=\"summary_large_image\" \/>\n<script type=\"application\/ld+json\" class=\"yoast-schema-graph\">{\"@context\":\"https:\/\/schema.org\",\"@graph\":[{\"@type\":\"WebPage\",\"@id\":\"https:\/\/wirsindbu.de\/en\/imprint\/\",\"url\":\"https:\/\/wirsindbu.de\/en\/imprint\/\",\"name\":\"Imprint - Bachmeyer Assecuradeur\",\"isPartOf\":{\"@id\":\"https:\/\/wirsindbu.de\/#website\"},\"datePublished\":\"2021-02-26T13:05:45+00:00\",\"dateModified\":\"2021-02-26T13:06:05+00:00\",\"breadcrumb\":{\"@id\":\"https:\/\/wirsindbu.de\/en\/imprint\/#breadcrumb\"},\"inLanguage\":\"en-US\",\"potentialAction\":[{\"@type\":\"ReadAction\",\"target\":[\"https:\/\/wirsindbu.de\/en\/imprint\/\"]}]},{\"@type\":\"BreadcrumbList\",\"@id\":\"https:\/\/wirsindbu.de\/en\/imprint\/#breadcrumb\",\"itemListElement\":[{\"@type\":\"ListItem\",\"position\":1,\"name\":\"Startseite\",\"item\":\"https:\/\/wirsindbu.de\/en\/\"},{\"@type\":\"ListItem\",\"position\":2,\"name\":\"Imprint\"}]},{\"@type\":\"WebSite\",\"@id\":\"https:\/\/wirsindbu.de\/#website\",\"url\":\"https:\/\/wirsindbu.de\/\",\"name\":\"Bachmeyer Assecuradeur\",\"description\":\"Eine weitere Ferantur Websites Website\",\"potentialAction\":[{\"@type\":\"SearchAction\",\"target\":{\"@type\":\"EntryPoint\",\"urlTemplate\":\"https:\/\/wirsindbu.de\/?s={search_term_string}\"},\"query-input\":\"required name=search_term_string\"}],\"inLanguage\":\"en-US\"}]}<\/script>\n<!-- \/ Yoast SEO plugin. -->","yoast_head_json":{"title":"Imprint - Bachmeyer Assecuradeur","robots":{"index":"index","follow":"follow","max-snippet":"max-snippet:-1","max-image-preview":"max-image-preview:large","max-video-preview":"max-video-preview:-1"},"canonical":"https:\/\/wirsindbu.de\/en\/imprint\/","og_locale":"en_US","og_type":"article","og_title":"Imprint - Bachmeyer Assecuradeur","og_url":"https:\/\/wirsindbu.de\/en\/imprint\/","og_site_name":"Bachmeyer Assecuradeur","article_modified_time":"2021-02-26T13:06:05+00:00","twitter_card":"summary_large_image","schema":{"@context":"https:\/\/schema.org","@graph":[{"@type":"WebPage","@id":"https:\/\/wirsindbu.de\/en\/imprint\/","url":"https:\/\/wirsindbu.de\/en\/imprint\/","name":"Imprint - Bachmeyer Assecuradeur","isPartOf":{"@id":"https:\/\/wirsindbu.de\/#website"},"datePublished":"2021-02-26T13:05:45+00:00","dateModified":"2021-02-26T13:06:05+00:00","breadcrumb":{"@id":"https:\/\/wirsindbu.de\/en\/imprint\/#breadcrumb"},"inLanguage":"en-US","potentialAction":[{"@type":"ReadAction","target":["https:\/\/wirsindbu.de\/en\/imprint\/"]}]},{"@type":"BreadcrumbList","@id":"https:\/\/wirsindbu.de\/en\/imprint\/#breadcrumb","itemListElement":[{"@type":"ListItem","position":1,"name":"Startseite","item":"https:\/\/wirsindbu.de\/en\/"},{"@type":"ListItem","position":2,"name":"Imprint"}]},{"@type":"WebSite","@id":"https:\/\/wirsindbu.de\/#website","url":"https:\/\/wirsindbu.de\/","name":"Bachmeyer Assecuradeur","description":"Eine weitere Ferantur Websites Website","potentialAction":[{"@type":"SearchAction","target":{"@type":"EntryPoint","urlTemplate":"https:\/\/wirsindbu.de\/?s={search_term_string}"},"query-input":"required name=search_term_string"}],"inLanguage":"en-US"}]}},"_links":{"self":[{"href":"https:\/\/wirsindbu.de\/en\/wp-json\/wp\/v2\/pages\/268"}],"collection":[{"href":"https:\/\/wirsindbu.de\/en\/wp-json\/wp\/v2\/pages"}],"about":[{"href":"https:\/\/wirsindbu.de\/en\/wp-json\/wp\/v2\/types\/page"}],"author":[{"embeddable":true,"href":"https:\/\/wirsindbu.de\/en\/wp-json\/wp\/v2\/users\/1"}],"replies":[{"embeddable":true,"href":"https:\/\/wirsindbu.de\/en\/wp-json\/wp\/v2\/comments?post=268"}],"version-history":[{"count":1,"href":"https:\/\/wirsindbu.de\/en\/wp-json\/wp\/v2\/pages\/268\/revisions"}],"predecessor-version":[{"id":269,"href":"https:\/\/wirsindbu.de\/en\/wp-json\/wp\/v2\/pages\/268\/revisions\/269"}],"wp:attachment":[{"href":"https:\/\/wirsindbu.de\/en\/wp-json\/wp\/v2\/media?parent=268"}],"curies":[{"name":"wp","href":"https:\/\/api.w.org\/{rel}","templated":true}]}}